{"id":12209,"date":"2025-09-08T15:21:20","date_gmt":"2025-09-08T15:21:20","guid":{"rendered":"http:\/\/cwm-order.com\/?page_id=12209"},"modified":"2025-09-11T12:54:09","modified_gmt":"2025-09-11T12:54:09","slug":"imprint","status":"publish","type":"page","link":"http:\/\/cwm-order.com\/de\/imprint\/","title":{"rendered":"Impressum"},"content":{"rendered":"<p>CWM-Order AG<br>Hauptstra\u00dfe 50<br>8280 Kreuzlingen<br>Schweiz<\/p>\n\n\n\n<p>Vertreten durch: Roger Rutishauser<\/p>\n\n\n\n<p>Telefon: +41 1 66 00 555<br>E-Mail: <a href=\"mailto:info@cwm-order.com\">info@cwm-order.com<\/a><br>Webseite: <a href=\"http:\/\/cwm-order.com\/de\/\">www.cwm-order.com<\/a><\/p>\n\n\n\n<p>Handelsregister: CHE-454.885.922<br>Eingetragen in: Thurgau<br>Umsatzsteuer-Identifikationsnummer (MWST-Nr.): CHE-454.885.922 <\/p>\n\n\n\n<p>Die Inhalte dieser Website wurden mit gr\u00f6\u00dfter Sorgfalt erstellt. CWM-Order AG \u00fcbernimmt jedoch keine Gew\u00e4hr f\u00fcr die Richtigkeit, Vollst\u00e4ndigkeit und Aktualit\u00e4t der bereitgestellten Informationen. Jegliche Haftung f\u00fcr Sch\u00e4den, die aus der Nutzung dieser Website entstehen, ist ausgeschlossen.<\/p>\n\n\n\n<p>Trotz sorgf\u00e4ltiger inhaltlicher Kontrolle \u00fcbernimmt CWM-Order AG keine Verantwortung f\u00fcr die Inhalte externer Links. F\u00fcr den Inhalt der verlinkten Seiten sind ausschlie\u00dflich deren Betreiber verantwortlich.<\/p>\n\n\n\n<p>Alle durch CWM-Order AG auf dieser Website erstellten Inhalte und Werke unterliegen dem Urheberrecht. Die Vervielf\u00e4ltigung, Bearbeitung, Verbreitung und jede Art der Verwertung au\u00dferhalb der Grenzen des Urheberrechts bed\u00fcrfen der vorherigen schriftlichen Zustimmung.<\/p>","protected":false},"excerpt":{"rendered":"CWM-Order AGHauptstra\u00dfe 508280 KreuzlingenSwitzerland Represented by: Roger Rutishauser Phone: +41 1 66 00 555E-Mail: info@cwm-order.comWebsite: www.cwm-order.com","protected":false},"author":1,"featured_media":0,"parent":0,"menu_order":0,"comment_status":"closed","ping_status":"closed","template":"","meta":{"footnotes":""},"class_list":["post-12209","page","type-page","status-publish","hentry"],"_links":{"self":[{"href":"http:\/\/cwm-order.com\/de\/wp-json\/wp\/v2\/pages\/12209","targetHints":{"allow":["GET"]}}],"collection":[{"href":"http:\/\/cwm-order.com\/de\/wp-json\/wp\/v2\/pages"}],"about":[{"href":"http:\/\/cwm-order.com\/de\/wp-json\/wp\/v2\/types\/page"}],"author":[{"embeddable":true,"href":"http:\/\/cwm-order.com\/de\/wp-json\/wp\/v2\/users\/1"}],"replies":[{"embeddable":true,"href":"http:\/\/cwm-order.com\/de\/wp-json\/wp\/v2\/comments?post=12209"}],"version-history":[{"count":4,"href":"http:\/\/cwm-order.com\/de\/wp-json\/wp\/v2\/pages\/12209\/revisions"}],"predecessor-version":[{"id":12325,"href":"http:\/\/cwm-order.com\/de\/wp-json\/wp\/v2\/pages\/12209\/revisions\/12325"}],"wp:attachment":[{"href":"http:\/\/cwm-order.com\/de\/wp-json\/wp\/v2\/media?parent=12209"}],"curies":[{"name":"wp","href":"https:\/\/api.w.org\/{rel}","templated":true}]}}